{"id":856,"date":"2024-04-30T10:54:17","date_gmt":"2024-04-30T02:54:17","guid":{"rendered":"http:\/\/www.volfbar.com\/product\/volf-bar-2\/"},"modified":"2025-06-16T09:55:42","modified_gmt":"2025-06-16T01:55:42","slug":"vb-15000","status":"publish","type":"product","link":"https:\/\/www.volfbar.com\/es\/product\/vb-15000\/","title":{"rendered":"VB 15000"},"content":{"rendered":"<p><strong><span style=\"font-size: 18pt;\">VB 15000<\/span><\/strong><\/p>\n<p>Volf bar 15000 disposable is the world\u2019s first full-screen e-cigarette. It runs on an integrated rechargeable 650mAh battery and features Norm\u00a0and Boost\u00a0modes. Specifically, the Volf\u00a0Bar offers 15000 puffs in Norm\u00a0mode, while in Boost mode, it offers 7500 puffs. Moreover, Volf\u00a0Bar Pulse disposable vape 15000 puffs Device contains 18ml of 5% nicotine salt e Liquid.<\/p>\n<p>In addition, the volf bar\u00a0deploys dual core and dual mesh coils. As a result, Volf\u00a0Bar maintains high flavor consistency while working on a low battery status. Therefore, this exceptional auto-draw vape bar has a bite-friendly mouthpiece that allows you to enjoy your vaping sessions. Finally, Volf Bar 15K is available prefilled, charged, and in 12 flavor profiles.<\/p>\n<p>&nbsp;<\/p>\n<p><strong><span style=\"font-size: 18pt;\">Par\u00e1metro<\/span><\/strong><\/p>\n<table style=\"width: 99.5802%; height: 469px;\">\n<tbody>\n<tr>\n<td width=\"426\">Modelo<\/td>\n<td width=\"426\">VOLF BAR 15000PUFFS VAPE<\/td>\n<\/tr>\n<tr>\n<td width=\"426\">Tama\u00f1o<\/td>\n<td width=\"426\">44*33.9*99.5 mm<\/td>\n<\/tr>\n<tr>\n<td width=\"426\">Capacidad de bater\u00eda<\/td>\n<td width=\"426\">650m\u00e1h<\/td>\n<\/tr>\n<tr>\n<td width=\"426\">Capacidad l\u00edquida<\/td>\n<td width=\"426\">18 ml<\/td>\n<\/tr>\n<tr>\n<td width=\"426\">Voltaje de trabajo<\/td>\n<td width=\"426\">3.2-4.2V<\/td>\n<\/tr>\n<tr>\n<td width=\"426\">Fuerza de nicotina<\/td>\n<td width=\"426\">50MG<\/td>\n<\/tr>\n<tr>\n<td width=\"426\">Hojaldre<\/td>\n<td width=\"426\">15000<\/td>\n<\/tr>\n<tr>\n<td width=\"426\">Resistencia de la bobina<\/td>\n<td width=\"426\">1.2\u03a9 Dived de malla de malla<\/td>\n<\/tr>\n<\/tbody>\n<\/table>\n<p>&nbsp;<\/p>\n<p><span style=\"font-size: 18pt;\"><strong><b>Contenido de paquete<\/b><\/strong><\/span><\/p>\n<p>X Volf Bar 15000 Puff desechable<\/p>\n<p>&nbsp;<\/p>\n<p><span style=\"font-size: 18pt;\"><strong><b>Perfil de sabor<\/b><\/strong><\/span><\/p>\n<p>1.El menta dada: Explore la limpieza, n\u00edtida y refrescante con un toque de menta afilado.<br \/>\n2. manzana roja: el c\u00f3ctel de manzana fresco y jugoso e-liquid captura la esencia de morder en una manzana roja perfectamente crujiente en un d\u00eda de oto\u00f1o fresco<br \/>\n3.Lemon Mint: combina perfectamente dulce, agrio y menta en uno<\/p>\n<p>4. Peach de cazado: una mezcla de duraznos maduros y jugosos mejorados por un refrescante escalofr\u00edo<br \/>\n5. Pink Lemonade: una mezcla dulce y agria de lim\u00f3n y bayas, que ofrece el equilibrio perfecto de c\u00edtricos refrescantes y bondad afrutada.<br \/>\n6. Blueberry: Ar\u00e1ndanos dulces y mentol fr\u00edo y refrescante.<br \/>\n7. Sand\u00eda dada: saborea la sand\u00eda fresca y crujiente con un refrescante acabado helado.<br \/>\n8. Claro: experimente la experiencia de vapeo pura y simple y sin sabor.<\/p>\n<p>9.Blue Razz Ice: un giro de enfriamiento en la cl\u00e1sica frambuesa azul, con un acabado helado que es perfecto para un vape refrescante.<br \/>\n10. CHERRY LEMON: Abundan las notas de cereza dulce, cortadas con un toque de lim\u00f3n agrio, y la combinaci\u00f3n explota con gran sabor.<br \/>\n11. GRAPE MINT: combina las notas profundas y dulces de uvas con un refrescante tono menta.<br \/>\n12. Summer fresh: sensaci\u00f3n fresca y refrescante de ar\u00e1ndano y sand\u00eda con un toque de frescura helada.<\/p>\n<p><img fetchpriority=\"high\" decoding=\"async\" class=\"aligncenter wp-image-1420 size-full\" src=\"http:\/\/www.volfbar.com\/wp-content\/uploads\/2024\/04\/11.jpg\" alt=\"\" width=\"1440\" height=\"450\" srcset=\"https:\/\/www.volfbar.com\/wp-content\/uploads\/2024\/04\/11.jpg 1440w, https:\/\/www.volfbar.com\/wp-content\/uploads\/2024\/04\/11-300x94.jpg 300w, https:\/\/www.volfbar.com\/wp-content\/uploads\/2024\/04\/11-1024x320.jpg 1024w, https:\/\/www.volfbar.com\/wp-content\/uploads\/2024\/04\/11-768x240.jpg 768w, https:\/\/www.volfbar.com\/wp-content\/uploads\/2024\/04\/11-600x188.jpg 600w\" sizes=\"(max-width: 1440px) 100vw, 1440px\" \/><img decoding=\"async\" class=\"aligncenter wp-image-1419 size-full\" src=\"http:\/\/www.volfbar.com\/wp-content\/uploads\/2024\/04\/22.jpg\" alt=\"\" width=\"1440\" height=\"450\" srcset=\"https:\/\/www.volfbar.com\/wp-content\/uploads\/2024\/04\/22.jpg 1440w, https:\/\/www.volfbar.com\/wp-content\/uploads\/2024\/04\/22-300x94.jpg 300w, https:\/\/www.volfbar.com\/wp-content\/uploads\/2024\/04\/22-1024x320.jpg 1024w, https:\/\/www.volfbar.com\/wp-content\/uploads\/2024\/04\/22-768x240.jpg 768w, https:\/\/www.volfbar.com\/wp-content\/uploads\/2024\/04\/22-600x188.jpg 600w\" sizes=\"(max-width: 1440px) 100vw, 1440px\" \/><img decoding=\"async\" class=\"aligncenter wp-image-1423 size-full\" src=\"http:\/\/www.volfbar.com\/wp-content\/uploads\/2024\/04\/33.jpg\" alt=\"\" width=\"1440\" height=\"526\" srcset=\"https:\/\/www.volfbar.com\/wp-content\/uploads\/2024\/04\/33.jpg 1440w, https:\/\/www.volfbar.com\/wp-content\/uploads\/2024\/04\/33-300x110.jpg 300w, https:\/\/www.volfbar.com\/wp-content\/uploads\/2024\/04\/33-1024x374.jpg 1024w, https:\/\/www.volfbar.com\/wp-content\/uploads\/2024\/04\/33-768x281.jpg 768w, https:\/\/www.volfbar.com\/wp-content\/uploads\/2024\/04\/33-600x219.jpg 600w\" sizes=\"(max-width: 1440px) 100vw, 1440px\" \/><img loading=\"lazy\" decoding=\"async\" class=\"aligncenter wp-image-1422 size-full\" src=\"http:\/\/www.volfbar.com\/wp-content\/uploads\/2024\/04\/44.jpg\" alt=\"\" width=\"1440\" height=\"751\" srcset=\"https:\/\/www.volfbar.com\/wp-content\/uploads\/2024\/04\/44.jpg 1440w, https:\/\/www.volfbar.com\/wp-content\/uploads\/2024\/04\/44-300x156.jpg 300w, https:\/\/www.volfbar.com\/wp-content\/uploads\/2024\/04\/44-1024x534.jpg 1024w, https:\/\/www.volfbar.com\/wp-content\/uploads\/2024\/04\/44-768x401.jpg 768w, https:\/\/www.volfbar.com\/wp-content\/uploads\/2024\/04\/44-600x313.jpg 600w\" sizes=\"(max-width: 1440px) 100vw, 1440px\" \/><img loading=\"lazy\" decoding=\"async\" class=\"aligncenter wp-image-1421 size-full\" src=\"http:\/\/www.volfbar.com\/wp-content\/uploads\/2024\/04\/55.jpg\" alt=\"\" width=\"1440\" height=\"751\" srcset=\"https:\/\/www.volfbar.com\/wp-content\/uploads\/2024\/04\/55.jpg 1440w, https:\/\/www.volfbar.com\/wp-content\/uploads\/2024\/04\/55-300x156.jpg 300w, https:\/\/www.volfbar.com\/wp-content\/uploads\/2024\/04\/55-1024x534.jpg 1024w, https:\/\/www.volfbar.com\/wp-content\/uploads\/2024\/04\/55-768x401.jpg 768w, https:\/\/www.volfbar.com\/wp-content\/uploads\/2024\/04\/55-600x313.jpg 600w\" sizes=\"(max-width: 1440px) 100vw, 1440px\" \/><\/p>","protected":false},"excerpt":{"rendered":"<p><span style=\"font-size: 18pt;\"><strong><b>Caracter\u00edsticas clave<\/b><\/strong><\/span><\/p>\n<p>1,18 ml de jugo de vape lleno<\/p>\n<p>2. Nigutina Nivel: 50 mg (5%)<\/p>\n<p>3. Operaci\u00f3n: activado por dibujo<\/p>\n<p>4. Presado y precargado<\/p>\n<p>5.indicator: Battery \/eLiquid nivel<\/p>\n<p>6. Piece de boca<\/p>\n<p>7. Elemento de calentamiento: Dual Mesh Coil \/Dual n\u00facleo<\/p>\n<p>8. Modos de potencia: Modo de norma \/Boost<\/p>\n<p>9. Modo de normas hasta: 15000 bocanadas<\/p>\n<p>10. Modo de Boost hasta: 7500 bocanadas<\/p>","protected":false},"featured_media":1828,"comment_status":"open","ping_status":"closed","template":"","meta":{"_acf_changed":false},"product_brand":[],"product_cat":[15],"product_tag":[],"class_list":{"0":"post-856","1":"product","2":"type-product","3":"status-publish","4":"has-post-thumbnail","6":"product_cat-disposable-vape","8":"first","9":"instock","10":"shipping-taxable","11":"product-type-simple"},"acf":[],"_links":{"self":[{"href":"https:\/\/www.volfbar.com\/es\/wp-json\/wp\/v2\/product\/856","targetHints":{"allow":["GET"]}}],"collection":[{"href":"https:\/\/www.volfbar.com\/es\/wp-json\/wp\/v2\/product"}],"about":[{"href":"https:\/\/www.volfbar.com\/es\/wp-json\/wp\/v2\/types\/product"}],"replies":[{"embeddable":true,"href":"https:\/\/www.volfbar.com\/es\/wp-json\/wp\/v2\/comments?post=856"}],"wp:featuredmedia":[{"embeddable":true,"href":"https:\/\/www.volfbar.com\/es\/wp-json\/wp\/v2\/media\/1828"}],"wp:attachment":[{"href":"https:\/\/www.volfbar.com\/es\/wp-json\/wp\/v2\/media?parent=856"}],"wp:term":[{"taxonomy":"product_brand","embeddable":true,"href":"https:\/\/www.volfbar.com\/es\/wp-json\/wp\/v2\/product_brand?post=856"},{"taxonomy":"product_cat","embeddable":true,"href":"https:\/\/www.volfbar.com\/es\/wp-json\/wp\/v2\/product_cat?post=856"},{"taxonomy":"product_tag","embeddable":true,"href":"https:\/\/www.volfbar.com\/es\/wp-json\/wp\/v2\/product_tag?post=856"}],"curies":[{"name":"wp","href":"https:\/\/api.w.org\/{rel}","templated":true}]}}